

{"id":929,"date":"2021-05-20T17:43:39","date_gmt":"2021-05-20T15:43:39","guid":{"rendered":"https:\/\/alteriade.alwaysdata.net\/dev\/adapei-es\/?page_id=929"},"modified":"2021-07-11T18:11:27","modified_gmt":"2021-07-11T16:11:27","slug":"nous-trouver","status":"publish","type":"page","link":"https:\/\/alteriade.alwaysdata.net\/dev\/adapei-es\/nous-trouver\/","title":{"rendered":"Nous trouver"},"content":{"rendered":"<div class=\"wp-block-lazyblock-description-de-la-page lazyblock-description-de-la-page-Z1UNc7l\"><p class=\"description txtcenter\"> \nL&rsquo;espace Sarrazin est situ\u00e9 en plein c\u0153ur de Lyon, facilement accessible pour vous et vos invit\u00e9s. A deux pas de la maison de la danse, proche des transports en commun et des grands axes routiers. L&rsquo;Espace Sarrazin assure le service \u00e0 Lyon et dans la M\u00e9tropole.\n<\/p><\/div>\n\n\n<div class=\"wp-block-columns is-layout-flex wp-container-core-columns-is-layout-9d6595d7 wp-block-columns-is-layout-flex\" id=\"vos-evenements-cles-en-main\">\n<div class=\"wp-block-column is-layout-flow wp-block-column-is-layout-flow\" style=\"flex-basis:33.33%\">\n<figure class=\"wp-block-image size-large is-style-default\"><img loading=\"lazy\" decoding=\"async\" width=\"557\" height=\"647\" src=\"https:\/\/alteriade.alwaysdata.net\/dev\/adapei-es\/wp-content\/uploads\/2021\/05\/plan-Sarrazin.jpg\" alt=\"Plan Espace Sarrazin\" class=\"wp-image-930\" srcset=\"https:\/\/alteriade.alwaysdata.net\/dev\/adapei-es\/wp-content\/uploads\/2021\/05\/plan-Sarrazin.jpg 557w, https:\/\/alteriade.alwaysdata.net\/dev\/adapei-es\/wp-content\/uploads\/2021\/05\/plan-Sarrazin-258x300.jpg 258w\" sizes=\"auto, (max-width: 557px) 100vw, 557px\" \/><\/figure>\n<\/div>\n\n\n\n<div class=\"wp-block-column is-layout-flow wp-block-column-is-layout-flow\" style=\"flex-basis:66.66%\">\n<h2 class=\"has-gris-color has-text-color has-light-font-size wp-block-heading\">Adresse<\/h2>\n\n\n\n<p>ESPACE SARRAZIN<br>8 rue Jean Sarrazin<br>69 008 LYON<br>Tel : 04.72.78.56.20<br>info@espace-sarrazin.com<\/p>\n\n\n\n<p><\/p>\n\n\n\n<h2 class=\"wp-block-heading\">Acc\u00e8s en transport en commun<\/h2>\n\n\n\n<p><strong>Tramway<\/strong> &#8211; Ligne T2, arr\u00eat Bachut \/ Mairie du 8\u00e8me<br><strong>Tramway<\/strong> &#8211; Ligne T4, arr\u00eat Mus\u00e9e Urbain Tony Garnier<br><strong>Bus<\/strong> : Ligne 23 et 296, arr\u00eat Varichon<br><strong>Bus<\/strong> : Ligne 32, 34, 36, 53, arr\u00eat Etats-Unis \/ Tony Garnier<\/p>\n\n\n\n<p>&nbsp;<a href=\"http:\/\/www.tcl.fr\">www.tcl.fr<\/a><\/p>\n<\/div>\n<\/div>\n\n\n\n<h2 class=\"wp-block-heading\">Acc\u00e8s routier<\/h2>\n\n\n\n<ul class=\"wp-block-list\"><li><strong>Depuis PARIS (A6) ou LYON centre :<\/strong><br>Direction Grenoble (A43), prendre l&rsquo;avenue Berthelot, place du 11 Novembre 1918, \u00e0 droite prendre l&rsquo;avenue Paul Santy, puis encore \u00e0 droite rue Jean Sarrazin.<br><\/li><li><strong>Depuis GRENOBLE, CHAMB\u00c9RY (A43) <\/strong>:<br>Direction LYON centre, prendre l&rsquo;avenue Jean Mermoz, \u00e0 gauche rue Michelet, 2eme \u00e0 droite avenue Paul Santy, puis \u00e0 gauche rue Jean Sarrazin.<br><\/li><li><strong>Depuis ST \u00c9TIENNE, MARSEILLE (A7)<\/strong> :<br>Direction P\u00e9riph\u00e9rique Laurent Bonnevay. Sortie Lyon Etats-Unis, Boulevard des Etats-Unis, puis \u00e0 droite rue Jean Sarrazin.<\/li><\/ul>\n\n\n\n<h2 class=\"wp-block-heading\">Une situation g\u00e9ographique centrale !<\/h2>\n\n\n\n<ul class=\"wp-block-list\"><li>A 10 minutes de la presqu&rsquo;ile Lyonnaise<\/li><li>A 05 minutes de la gare de la Part Dieu<\/li><li>A 15 minutes de l&rsquo;A\u00e9roport St Exupery<\/li><li>Une centaine de places dans les environs du b\u00e2timent<\/li><\/ul>\n","protected":false},"excerpt":{"rendered":"<p>Adresse ESPACE SARRAZIN8 rue Jean Sarrazin69 008 LYONTel : 04.72.78.56.20info@espace-sarrazin.com Acc\u00e8s en transport en commun Tramway &#8211; Ligne T2, arr\u00eat Bachut \/ Mairie du 8\u00e8meTramway &#8211; Ligne T4, arr\u00eat Mus\u00e9e Urbain Tony GarnierBus : Ligne 23 et 296, arr\u00eat VarichonBus : Ligne 32, 34, 36, 53, arr\u00eat Etats-Unis \/ Tony Garnier &nbsp;www.tcl.fr Acc\u00e8s routier Depuis [&hellip;]<\/p>\n","protected":false},"author":7,"featured_media":0,"parent":0,"menu_order":0,"comment_status":"closed","ping_status":"closed","template":"","meta":{"footnotes":""},"class_list":["post-929","page","type-page","status-publish","hentry"],"yoast_head":"<!-- This site is optimized with the Yoast SEO plugin v16.2 - https:\/\/yoast.com\/wordpress\/plugins\/seo\/ -->\n<title>Nous trouver - Espace Sarrazin<\/title>\n<meta name=\"robots\" content=\"noindex, follow, max-snippet:-1, max-image-preview:large, max-video-preview:-1\" \/>\n<meta property=\"og:locale\" content=\"fr_FR\" \/>\n<meta property=\"og:type\" content=\"article\" \/>\n<meta property=\"og:title\" content=\"Nous trouver - Espace Sarrazin\" \/>\n<meta property=\"og:description\" content=\"Adresse ESPACE SARRAZIN8 rue Jean Sarrazin69 008 LYONTel : 04.72.78.56.20info@espace-sarrazin.com Acc\u00e8s en transport en commun Tramway &#8211; Ligne T2, arr\u00eat Bachut \/ Mairie du 8\u00e8meTramway &#8211; Ligne T4, arr\u00eat Mus\u00e9e Urbain Tony GarnierBus : Ligne 23 et 296, arr\u00eat VarichonBus : Ligne 32, 34, 36, 53, arr\u00eat Etats-Unis \/ Tony Garnier &nbsp;www.tcl.fr Acc\u00e8s routier Depuis [&hellip;]\" \/>\n<meta property=\"og:url\" content=\"https:\/\/alteriade.alwaysdata.net\/dev\/adapei-es\/nous-trouver\/\" \/>\n<meta property=\"og:site_name\" content=\"Espace Sarrazin\" \/>\n<meta property=\"article:modified_time\" content=\"2021-07-11T16:11:27+00:00\" \/>\n<meta property=\"og:image\" content=\"https:\/\/alteriade.alwaysdata.net\/dev\/adapei-es\/wp-content\/uploads\/2021\/05\/plan-Sarrazin.jpg\" \/>\n<meta name=\"twitter:card\" content=\"summary_large_image\" \/>\n<meta name=\"twitter:label1\" content=\"Dur\u00e9e de lecture est.\">\n\t<meta name=\"twitter:data1\" content=\"1 minute\">\n<script type=\"application\/ld+json\" class=\"yoast-schema-graph\">{\"@context\":\"https:\/\/schema.org\",\"@graph\":[{\"@type\":\"Organization\",\"@id\":\"https:\/\/alteriade.alwaysdata.net\/dev\/adapei-es\/#organization\",\"name\":\"Espace Sarrazin - Traiteur\",\"url\":\"https:\/\/alteriade.alwaysdata.net\/dev\/adapei-es\/\",\"sameAs\":[],\"logo\":{\"@type\":\"ImageObject\",\"@id\":\"https:\/\/alteriade.alwaysdata.net\/dev\/adapei-es\/#logo\",\"inLanguage\":\"fr-FR\",\"url\":\"https:\/\/alteriade.alwaysdata.net\/dev\/adapei-es\/wp-content\/uploads\/2021\/05\/LOGO_Espace-Sarrazin_CMJN.png\",\"contentUrl\":\"https:\/\/alteriade.alwaysdata.net\/dev\/adapei-es\/wp-content\/uploads\/2021\/05\/LOGO_Espace-Sarrazin_CMJN.png\",\"width\":124,\"height\":108,\"caption\":\"Espace Sarrazin - Traiteur\"},\"image\":{\"@id\":\"https:\/\/alteriade.alwaysdata.net\/dev\/adapei-es\/#logo\"}},{\"@type\":\"WebSite\",\"@id\":\"https:\/\/alteriade.alwaysdata.net\/dev\/adapei-es\/#website\",\"url\":\"https:\/\/alteriade.alwaysdata.net\/dev\/adapei-es\/\",\"name\":\"Espace Sarrazin\",\"description\":\"\",\"publisher\":{\"@id\":\"https:\/\/alteriade.alwaysdata.net\/dev\/adapei-es\/#organization\"},\"potentialAction\":[{\"@type\":\"SearchAction\",\"target\":\"https:\/\/alteriade.alwaysdata.net\/dev\/adapei-es\/?s={search_term_string}\",\"query-input\":\"required name=search_term_string\"}],\"inLanguage\":\"fr-FR\"},{\"@type\":\"ImageObject\",\"@id\":\"https:\/\/alteriade.alwaysdata.net\/dev\/adapei-es\/nous-trouver\/#primaryimage\",\"inLanguage\":\"fr-FR\",\"url\":\"https:\/\/alteriade.alwaysdata.net\/dev\/adapei-es\/wp-content\/uploads\/2021\/05\/plan-Sarrazin.jpg\",\"contentUrl\":\"https:\/\/alteriade.alwaysdata.net\/dev\/adapei-es\/wp-content\/uploads\/2021\/05\/plan-Sarrazin.jpg\",\"width\":557,\"height\":647,\"caption\":\"Plan Espace Sarrazin\"},{\"@type\":\"WebPage\",\"@id\":\"https:\/\/alteriade.alwaysdata.net\/dev\/adapei-es\/nous-trouver\/#webpage\",\"url\":\"https:\/\/alteriade.alwaysdata.net\/dev\/adapei-es\/nous-trouver\/\",\"name\":\"Nous trouver - Espace Sarrazin\",\"isPartOf\":{\"@id\":\"https:\/\/alteriade.alwaysdata.net\/dev\/adapei-es\/#website\"},\"primaryImageOfPage\":{\"@id\":\"https:\/\/alteriade.alwaysdata.net\/dev\/adapei-es\/nous-trouver\/#primaryimage\"},\"datePublished\":\"2021-05-20T15:43:39+00:00\",\"dateModified\":\"2021-07-11T16:11:27+00:00\",\"breadcrumb\":{\"@id\":\"https:\/\/alteriade.alwaysdata.net\/dev\/adapei-es\/nous-trouver\/#breadcrumb\"},\"inLanguage\":\"fr-FR\",\"potentialAction\":[{\"@type\":\"ReadAction\",\"target\":[\"https:\/\/alteriade.alwaysdata.net\/dev\/adapei-es\/nous-trouver\/\"]}]},{\"@type\":\"BreadcrumbList\",\"@id\":\"https:\/\/alteriade.alwaysdata.net\/dev\/adapei-es\/nous-trouver\/#breadcrumb\",\"itemListElement\":[{\"@type\":\"ListItem\",\"position\":1,\"item\":{\"@type\":\"WebPage\",\"@id\":\"https:\/\/alteriade.alwaysdata.net\/dev\/adapei-es\/\",\"url\":\"https:\/\/alteriade.alwaysdata.net\/dev\/adapei-es\/\",\"name\":\"Accueil\"}},{\"@type\":\"ListItem\",\"position\":2,\"item\":{\"@id\":\"https:\/\/alteriade.alwaysdata.net\/dev\/adapei-es\/nous-trouver\/#webpage\"}}]}]}<\/script>\n<!-- \/ Yoast SEO plugin. -->","_links":{"self":[{"href":"https:\/\/alteriade.alwaysdata.net\/dev\/adapei-es\/wp-json\/wp\/v2\/pages\/929","targetHints":{"allow":["GET"]}}],"collection":[{"href":"https:\/\/alteriade.alwaysdata.net\/dev\/adapei-es\/wp-json\/wp\/v2\/pages"}],"about":[{"href":"https:\/\/alteriade.alwaysdata.net\/dev\/adapei-es\/wp-json\/wp\/v2\/types\/page"}],"author":[{"embeddable":true,"href":"https:\/\/alteriade.alwaysdata.net\/dev\/adapei-es\/wp-json\/wp\/v2\/users\/7"}],"replies":[{"embeddable":true,"href":"https:\/\/alteriade.alwaysdata.net\/dev\/adapei-es\/wp-json\/wp\/v2\/comments?post=929"}],"version-history":[{"count":29,"href":"https:\/\/alteriade.alwaysdata.net\/dev\/adapei-es\/wp-json\/wp\/v2\/pages\/929\/revisions"}],"predecessor-version":[{"id":1575,"href":"https:\/\/alteriade.alwaysdata.net\/dev\/adapei-es\/wp-json\/wp\/v2\/pages\/929\/revisions\/1575"}],"wp:attachment":[{"href":"https:\/\/alteriade.alwaysdata.net\/dev\/adapei-es\/wp-json\/wp\/v2\/media?parent=929"}],"curies":[{"name":"wp","href":"https:\/\/api.w.org\/{rel}","templated":true}]}}