

{"id":575,"date":"2021-04-29T15:32:55","date_gmt":"2021-04-29T13:32:55","guid":{"rendered":"https:\/\/alteriade.alwaysdata.net\/dev\/adapei-es\/?page_id=575"},"modified":"2021-07-19T15:15:34","modified_gmt":"2021-07-19T13:15:34","slug":"page-allergene","status":"publish","type":"page","link":"https:\/\/alteriade.alwaysdata.net\/dev\/adapei-es\/page-allergene\/","title":{"rendered":"Allerg\u00e8nes"},"content":{"rendered":"\n<div style=\"height:41px\" aria-hidden=\"true\" class=\"wp-block-spacer\"><\/div>\n","protected":false},"excerpt":{"rendered":"","protected":false},"author":1,"featured_media":0,"parent":0,"menu_order":0,"comment_status":"closed","ping_status":"closed","template":"template-allergen-page.php","meta":{"footnotes":""},"class_list":["post-575","page","type-page","status-publish","hentry"],"yoast_head":"<!-- This site is optimized with the Yoast SEO plugin v16.2 - https:\/\/yoast.com\/wordpress\/plugins\/seo\/ -->\n<title>Allerg\u00e8nes - Espace Sarrazin<\/title>\n<meta name=\"description\" content=\"Une allergie ou une intol\u00e9rance alimentaire, voici la liste : Gluten, Poissons, Lait, Fruits \u00e0 coques, Oeufs, Arachides, Soja, S\u00e9same, Lupin, Sulfites, Moutarde, C\u00e9leri, Mollusques et Crustac\u00e9s\" \/>\n<meta name=\"robots\" content=\"noindex, follow, max-snippet:-1, max-image-preview:large, max-video-preview:-1\" \/>\n<meta property=\"og:locale\" content=\"fr_FR\" \/>\n<meta property=\"og:type\" content=\"article\" \/>\n<meta property=\"og:title\" content=\"Allerg\u00e8nes - Espace Sarrazin\" \/>\n<meta property=\"og:description\" content=\"Une allergie ou une intol\u00e9rance alimentaire, voici la liste : Gluten, Poissons, Lait, Fruits \u00e0 coques, Oeufs, Arachides, Soja, S\u00e9same, Lupin, Sulfites, Moutarde, C\u00e9leri, Mollusques et Crustac\u00e9s\" \/>\n<meta property=\"og:url\" content=\"https:\/\/alteriade.alwaysdata.net\/dev\/adapei-es\/page-allergene\/\" \/>\n<meta property=\"og:site_name\" content=\"Espace Sarrazin\" \/>\n<meta property=\"article:modified_time\" content=\"2021-07-19T13:15:34+00:00\" \/>\n<meta name=\"twitter:card\" content=\"summary_large_image\" \/>\n<script type=\"application\/ld+json\" class=\"yoast-schema-graph\">{\"@context\":\"https:\/\/schema.org\",\"@graph\":[{\"@type\":\"Organization\",\"@id\":\"https:\/\/alteriade.alwaysdata.net\/dev\/adapei-es\/#organization\",\"name\":\"Espace Sarrazin - Traiteur\",\"url\":\"https:\/\/alteriade.alwaysdata.net\/dev\/adapei-es\/\",\"sameAs\":[],\"logo\":{\"@type\":\"ImageObject\",\"@id\":\"https:\/\/alteriade.alwaysdata.net\/dev\/adapei-es\/#logo\",\"inLanguage\":\"fr-FR\",\"url\":\"https:\/\/alteriade.alwaysdata.net\/dev\/adapei-es\/wp-content\/uploads\/2021\/05\/LOGO_Espace-Sarrazin_CMJN.png\",\"contentUrl\":\"https:\/\/alteriade.alwaysdata.net\/dev\/adapei-es\/wp-content\/uploads\/2021\/05\/LOGO_Espace-Sarrazin_CMJN.png\",\"width\":124,\"height\":108,\"caption\":\"Espace Sarrazin - Traiteur\"},\"image\":{\"@id\":\"https:\/\/alteriade.alwaysdata.net\/dev\/adapei-es\/#logo\"}},{\"@type\":\"WebSite\",\"@id\":\"https:\/\/alteriade.alwaysdata.net\/dev\/adapei-es\/#website\",\"url\":\"https:\/\/alteriade.alwaysdata.net\/dev\/adapei-es\/\",\"name\":\"Espace Sarrazin\",\"description\":\"\",\"publisher\":{\"@id\":\"https:\/\/alteriade.alwaysdata.net\/dev\/adapei-es\/#organization\"},\"potentialAction\":[{\"@type\":\"SearchAction\",\"target\":\"https:\/\/alteriade.alwaysdata.net\/dev\/adapei-es\/?s={search_term_string}\",\"query-input\":\"required name=search_term_string\"}],\"inLanguage\":\"fr-FR\"},{\"@type\":\"WebPage\",\"@id\":\"https:\/\/alteriade.alwaysdata.net\/dev\/adapei-es\/page-allergene\/#webpage\",\"url\":\"https:\/\/alteriade.alwaysdata.net\/dev\/adapei-es\/page-allergene\/\",\"name\":\"Allerg\\u00e8nes - Espace Sarrazin\",\"isPartOf\":{\"@id\":\"https:\/\/alteriade.alwaysdata.net\/dev\/adapei-es\/#website\"},\"datePublished\":\"2021-04-29T13:32:55+00:00\",\"dateModified\":\"2021-07-19T13:15:34+00:00\",\"description\":\"Une allergie ou une intol\\u00e9rance alimentaire, voici la liste : Gluten, Poissons, Lait, Fruits \\u00e0 coques, Oeufs, Arachides, Soja, S\\u00e9same, Lupin, Sulfites, Moutarde, C\\u00e9leri, Mollusques et Crustac\\u00e9s\",\"breadcrumb\":{\"@id\":\"https:\/\/alteriade.alwaysdata.net\/dev\/adapei-es\/page-allergene\/#breadcrumb\"},\"inLanguage\":\"fr-FR\",\"potentialAction\":[{\"@type\":\"ReadAction\",\"target\":[\"https:\/\/alteriade.alwaysdata.net\/dev\/adapei-es\/page-allergene\/\"]}]},{\"@type\":\"BreadcrumbList\",\"@id\":\"https:\/\/alteriade.alwaysdata.net\/dev\/adapei-es\/page-allergene\/#breadcrumb\",\"itemListElement\":[{\"@type\":\"ListItem\",\"position\":1,\"item\":{\"@type\":\"WebPage\",\"@id\":\"https:\/\/alteriade.alwaysdata.net\/dev\/adapei-es\/\",\"url\":\"https:\/\/alteriade.alwaysdata.net\/dev\/adapei-es\/\",\"name\":\"Accueil\"}},{\"@type\":\"ListItem\",\"position\":2,\"item\":{\"@id\":\"https:\/\/alteriade.alwaysdata.net\/dev\/adapei-es\/page-allergene\/#webpage\"}}]}]}<\/script>\n<!-- \/ Yoast SEO plugin. -->","_links":{"self":[{"href":"https:\/\/alteriade.alwaysdata.net\/dev\/adapei-es\/wp-json\/wp\/v2\/pages\/575","targetHints":{"allow":["GET"]}}],"collection":[{"href":"https:\/\/alteriade.alwaysdata.net\/dev\/adapei-es\/wp-json\/wp\/v2\/pages"}],"about":[{"href":"https:\/\/alteriade.alwaysdata.net\/dev\/adapei-es\/wp-json\/wp\/v2\/types\/page"}],"author":[{"embeddable":true,"href":"https:\/\/alteriade.alwaysdata.net\/dev\/adapei-es\/wp-json\/wp\/v2\/users\/1"}],"replies":[{"embeddable":true,"href":"https:\/\/alteriade.alwaysdata.net\/dev\/adapei-es\/wp-json\/wp\/v2\/comments?post=575"}],"version-history":[{"count":24,"href":"https:\/\/alteriade.alwaysdata.net\/dev\/adapei-es\/wp-json\/wp\/v2\/pages\/575\/revisions"}],"predecessor-version":[{"id":1672,"href":"https:\/\/alteriade.alwaysdata.net\/dev\/adapei-es\/wp-json\/wp\/v2\/pages\/575\/revisions\/1672"}],"wp:attachment":[{"href":"https:\/\/alteriade.alwaysdata.net\/dev\/adapei-es\/wp-json\/wp\/v2\/media?parent=575"}],"curies":[{"name":"wp","href":"https:\/\/api.w.org\/{rel}","templated":true}]}}